{"id":4983,"date":"2022-04-12T11:45:19","date_gmt":"2022-04-12T11:45:19","guid":{"rendered":"https:\/\/archicon.qodeinteractive.com\/?page_id=4983"},"modified":"2026-04-03T21:12:20","modified_gmt":"2026-04-03T21:12:20","slug":"our-services","status":"publish","type":"page","link":"https:\/\/rockvelconstruction.com\/az\/our-services\/","title":{"rendered":"Xidm\u0259tl\u0259rimiz"},"content":{"rendered":"\t\t<div data-elementor-type=\"wp-page\" data-elementor-id=\"4983\" class=\"elementor elementor-4983\">\n\t\t\t\t<div class=\"elementor-element elementor-element-8327f42 e-flex e-con-boxed e-con e-parent\" data-id=\"8327f42\" data-element_type=\"container\">\n\t\t\t\t\t<div class=\"e-con-inner\">\n\t\t<div class=\"elementor-element elementor-element-53f8b88 e-con-full e-flex e-con e-child\" data-id=\"53f8b88\" data-element_type=\"container\">\n\t\t\t\t<div class=\"elementor-element elementor-element-45b1924 elementor-widget elementor-widget-image\" data-id=\"45b1924\" data-element_type=\"widget\" data-widget_type=\"image.default\">\n\t\t\t\t\t\t\t\t\t\t\t\t\t\t\t<img fetchpriority=\"high\" decoding=\"async\" width=\"807\" height=\"1024\" src=\"https:\/\/rockvelconstruction.com\/wp-content\/uploads\/2024\/04\/pexels-anthony-garcia-5813843-5-scaled-1-807x1024.jpg\" class=\"attachment-large size-large wp-image-14142\" alt=\"\" srcset=\"https:\/\/rockvelconstruction.com\/wp-content\/uploads\/2024\/04\/pexels-anthony-garcia-5813843-5-scaled-1-807x1024.jpg 807w, https:\/\/rockvelconstruction.com\/wp-content\/uploads\/2024\/04\/pexels-anthony-garcia-5813843-5-scaled-1-236x300.jpg 236w, https:\/\/rockvelconstruction.com\/wp-content\/uploads\/2024\/04\/pexels-anthony-garcia-5813843-5-scaled-1-768x974.jpg 768w, https:\/\/rockvelconstruction.com\/wp-content\/uploads\/2024\/04\/pexels-anthony-garcia-5813843-5-scaled-1-1211x1536.jpg 1211w, https:\/\/rockvelconstruction.com\/wp-content\/uploads\/2024\/04\/pexels-anthony-garcia-5813843-5-scaled-1-1614x2048.jpg 1614w, https:\/\/rockvelconstruction.com\/wp-content\/uploads\/2024\/04\/pexels-anthony-garcia-5813843-5-scaled-1-600x761.jpg 600w, https:\/\/rockvelconstruction.com\/wp-content\/uploads\/2024\/04\/pexels-anthony-garcia-5813843-5-scaled-1.jpg 2018w\" sizes=\"(max-width: 807px) 100vw, 807px\" \/>\t\t\t\t\t\t\t\t\t\t\t\t\t\t\t<\/div>\n\t\t\t\t<\/div>\n\t\t<div class=\"elementor-element elementor-element-e6ba523 e-con-full e-flex e-con e-child\" data-id=\"e6ba523\" data-element_type=\"container\">\n\t\t\t\t<div class=\"elementor-element elementor-element-f1e9a89 elementor-widget elementor-widget-text-editor\" data-id=\"f1e9a89\" data-element_type=\"widget\" data-widget_type=\"text-editor.default\">\n\t\t\t\t\t\t\t\t\t<p style=\"text-align: center;\"><strong><span style=\"color: #000000;\">ET\u0130MADA \u018fSASLANMI\u015eDIR<\/span><\/strong><\/p>\n\n<p style=\"text-align: center;\"><span style=\"color: #000000;\">Beyn\u0259lxalq tikinti xidm\u0259tl\u0259ri t\u0259qdim ed\u0259n bir \u015firk\u0259t olaraq, biz m\u00fcxt\u0259lif bazar seqmentl\u0259rind\u0259 apar\u0131c\u0131 oyun\u00e7uyuq. Bir \u00e7ox qlobal podrat\u00e7\u0131lar, subpodrat\u00e7\u0131lar, m\u0259sl\u0259h\u0259t\u00e7il\u0259r, investorlar v\u0259 brendl\u0259rl\u0259 uzunm\u00fcdd\u0259tli \u0259laq\u0259l\u0259r saxlay\u0131r\u0131q.<\/span><\/p>\n\n<p style=\"text-align: center;\"><span style=\"color: #000000;\">\u015eirk\u0259timiz b\u00f6y\u00fck v\u0259 m\u00fcr\u0259kk\u0259b layih\u0259l\u0259ri h\u0259yata ke\u00e7irm\u0259k, innovasiyan\u0131 t\u0259\u015fviq etm\u0259k, yeni texnologiyalar\u0131 m\u0259nims\u0259m\u0259k v\u0259 m\u00fc\u015ft\u0259ril\u0259r, i\u015f\u00e7il\u0259r v\u0259 c\u0259miyy\u0259t \u00fc\u00e7\u00fcn f\u0259rq yaratmaqla tan\u0131n\u0131r.<\/span><\/p>\n\n<p style=\"text-align: center;\"><span style=\"color: #000000;\">Rockvel m\u00fc\u015ft\u0259ril\u0259r\u0259 \u00e7oxmill\u0259tli t\u0259\u015fkilat\u0131n stabilliyini v\u0259 resurslar\u0131n\u0131, h\u0259m\u00e7inin yerli \u015firk\u0259tin \u00e7evikliyini v\u0259 d\u0259st\u0259yini t\u0259qdim edir. Biz \u0259n se\u00e7ici m\u00fc\u015ft\u0259ril\u0259rl\u0259 i\u015fl\u0259m\u0259y\u0259 h\u0259v\u0259sliyik.<\/span><\/p>\n\n<p style=\"text-align: center;\"><span style=\"color: #000000;\">\u015eirk\u0259t olaraq, qlobal tikinti sektorunda yenilikl\u0259ri, metodlar\u0131, dekorasiya v\u0259 dizayn trendl\u0259rini pe\u015f\u0259kar \u015f\u0259kild\u0259 daim izl\u0259yir v\u0259 t\u0259tbiq edirik.<\/span><\/p>\n\n<p style=\"text-align: center;\"><span style=\"color: #000000;\">H\u0259r hans\u0131 t\u0259mir, tikinti, dizayn v\u0259 s. d\u00fczg\u00fcn layih\u0259l\u0259ndirm\u0259 il\u0259 ba\u015flamal\u0131d\u0131r. Tap\u015f\u0131r\u0131qlar\u0131n miqyas\u0131ndan as\u0131l\u0131 olmayaraq diqq\u0259tli layih\u0259l\u0259ndirm\u0259 aparmaq vacibdir. Tap\u015f\u0131r\u0131qlar\u0131n \u00f6l\u00e7\u00fcs\u00fcnd\u0259n as\u0131l\u0131 olmayaraq, komandam\u0131z \u00fczvl\u0259ri plana \u0259m\u0259l etm\u0259lidir. Qrafik v\u0259 m\u0259tn m\u0259lumatlar\u0131n\u0131 birl\u0259\u015fdir\u0259n v\u0259 i\u015fin add\u0131m-add\u0131m icras\u0131n\u0131 g\u00f6st\u0259r\u0259n h\u0259rt\u0259r\u0259fli s\u0259n\u0259d olmadan, i\u015fi yaln\u0131z \u015fifahi \u00fcnsiyy\u0259tl\u0259 yerin\u0259 yetirm\u0259k m\u00fcmk\u00fcn deyil.<\/span><\/p>\n\n<p style=\"text-align: center;\"><span style=\"color: #000000;\">Layih\u0259l\u0259ndirm\u0259nin \u0259sas hiss\u0259si m\u00fch\u0259ndisl\u0259r t\u0259r\u0259find\u0259n m\u0259qs\u0259dy\u00f6nl\u00fc \u015f\u0259kild\u0259 h\u0259yata ke\u00e7irilir.<\/span><\/p>\n\n<p style=\"text-align: center;\"><span style=\"color: #000000;\">R\u0259sml\u0259rd\u0259 b\u00fct\u00fcn m\u0259lumatlar\u0131n v\u0259 \u00f6l\u00e7\u00fcl\u0259rin \u0259trafl\u0131 g\u00f6st\u0259rilm\u0259sini prioritet etm\u0259k vacibdir. H\u0259r yeni tikilmi\u015f struktur yaln\u0131z rahatl\u0131q t\u0259qdim etm\u0259m\u0259li, h\u0259m d\u0259 texniki t\u0259hl\u00fck\u0259sizlikd\u0259 \u00fcst\u00fcn olmal\u0131d\u0131r. Yax\u015f\u0131 haz\u0131rlanm\u0131\u015f layih\u0259 plan\u0131 i\u015f zaman\u0131 g\u00f6zl\u0259nilm\u0259z v\u0259ziyy\u0259tl\u0259ri \u0259vv\u0259lc\u0259d\u0259n g\u00f6rm\u0259y\u0259 k\u00f6m\u0259k edir.<\/span><\/p>\n\n<p style=\"text-align: center;\"><span style=\"color: #000000;\">\u015eirk\u0259timiz y\u00fcks\u0259k s\u0259viyy\u0259li Dizayn (land\u015faft, interyer v\u0259 eksteryer) i\u015fl\u0259rinin icras\u0131nda m\u00fck\u0259mm\u0259ldir.<\/span><\/p>\n\n<p style=\"text-align: center;\"><span style=\"color: #000000;\">Memarlar\u0131m\u0131z v\u0259 dizaynerl\u0259rimiz rahatl\u0131\u011f\u0131n\u0131z\u0131 v\u0259 \u0259lveri\u015fliliyinizi art\u0131ran diqq\u0259tl\u0259 haz\u0131rlanm\u0131\u015f interyer v\u0259 eksteryerl\u0259r yarad\u0131r. Komandam\u0131z\u0131n geni\u015f t\u0259cr\u00fcb\u0259si v\u0259 y\u00fcks\u0259k keyfiyy\u0259tli tikinti materiallar\u0131ndan istifad\u0259 g\u00f6zl\u0259nil\u0259n n\u0259tic\u0259ni t\u0259min edir. Biz m\u00fcxt\u0259lif m\u0259kanlar\u0131n\u0131z \u00fc\u00e7\u00fcn unikal dizayn t\u0259klifl\u0259ri t\u0259qdim etm\u0259y\u0259 haz\u0131r\u0131q.<\/span><\/p>\n\t\t\t\t\t\t\t\t<\/div>\n\t\t\t\t<\/div>\n\t\t\t\t\t<\/div>\n\t\t\t\t<\/div>\n\t\t<div class=\"elementor-element elementor-element-56ed155 e-flex e-con-boxed e-con e-parent\" data-id=\"56ed155\" data-element_type=\"container\">\n\t\t\t\t\t<div class=\"e-con-inner\">\n\t\t<div class=\"elementor-element elementor-element-d9842d7 e-con-full e-flex e-con e-child\" data-id=\"d9842d7\" data-element_type=\"container\">\n\t\t\t\t<div class=\"elementor-element elementor-element-f4418c0 elementor-widget elementor-widget-text-editor\" data-id=\"f4418c0\" data-element_type=\"widget\" data-widget_type=\"text-editor.default\">\n\t\t\t\t\t\t\t\t\t<p style=\"text-align: center;\"><strong>\u0130STEHSAL<\/strong><\/p>\n\n<p style=\"text-align: center;\"><span style=\"color: #000000;\">&#8211; T\u0259bi\u0259tin c\u0259lbedici g\u00f6z\u0259lliyind\u0259n ilham alaraq, dizayna uy\u011fun t\u0259bii da\u015flar istehsal edirik.<\/span><\/p>\n\n<p style=\"text-align: center;\"><span style=\"color: #000000;\">&#8211; Da\u015f istehsal\u0131m\u0131z y\u00fcks\u0259k keyfiyy\u0259tli materiallar\u0131 (qranit, m\u0259rm\u0259r, travertin v\u0259 s.) \u0259ld\u0259 etm\u0259k \u00fc\u00e7\u00fcn birba\u015fa m\u0259d\u0259nl\u0259rl\u0259 \u0259m\u0259kda\u015fl\u0131\u011f\u0131 \u0259hat\u0259 edir. M\u0259rm\u0259r istehsal\u0131 \u00fc\u00e7\u00fcn \u0130taliyan\u0131n y\u00fcks\u0259k keyfiyy\u0259tli ma\u015f\u0131nlar\u0131ndan v\u0259 d\u00fcnya \u015f\u00f6hr\u0259tli brend materiallardan istifad\u0259 edirik. Emal olunmu\u015f m\u0259rm\u0259rl\u0259r b\u00fct\u00fcn z\u0259ruri m\u0259rh\u0259l\u0259l\u0259rd\u0259n ke\u00e7ir, qum \u00e7\u0131xar\u0131lmas\u0131ndan istifad\u0259 \u00fc\u00e7\u00fcn haz\u0131r v\u0259ziyy\u0259t\u0259 q\u0259d\u0259r v\u0259 m\u00fc\u015ft\u0259ril\u0259rin t\u0259l\u0259bl\u0259rin\u0259 cavab verir.<\/span><\/p>\n\n<p style=\"text-align: center;\"><span style=\"color: #000000;\">&#8211; Ventilyasiya sah\u0259sind\u0259 geni\u015f t\u0259cr\u00fcb\u0259mizd\u0259n yararlanaraq, \u015firk\u0259timiz beyn\u0259lxalq tan\u0131nm\u0131\u015f brendl\u0259rin y\u00fcks\u0259k keyfiyy\u0259tli avadanl\u0131qlar\u0131ndan istifad\u0259 edir v\u0259 m\u00fcxt\u0259lif \u00f6l\u00e7\u00fcl\u00fc hava kanallar\u0131 istehsal edir.<\/span><\/p>\n\n<p style=\"text-align: center;\"><span style=\"color: #000000;\">&#8220;Rockvel&#8221; MMC h\u0259m\u00e7inin mebel b\u00f6lm\u0259sind\u0259 m\u00fcxt\u0259lif n\u00f6v v\u0259 \u00f6l\u00e7\u00fcl\u00fc mebell\u0259rin istehsal\u0131 v\u0259 qura\u015fd\u0131r\u0131lmas\u0131 i\u015fl\u0259rini h\u0259yata ke\u00e7irir.<\/span><\/p>\n\t\t\t\t\t\t\t\t<\/div>\n\t\t\t\t<\/div>\n\t\t<div class=\"elementor-element elementor-element-19444f0 e-con-full e-flex e-con e-child\" data-id=\"19444f0\" data-element_type=\"container\">\n\t\t\t\t<div class=\"elementor-element elementor-element-908e3ff elementor-widget elementor-widget-image\" data-id=\"908e3ff\" data-element_type=\"widget\" data-widget_type=\"image.default\">\n\t\t\t\t\t\t\t\t\t\t\t\t\t\t\t<img decoding=\"async\" width=\"1024\" height=\"684\" src=\"https:\/\/rockvelconstruction.com\/wp-content\/uploads\/2024\/04\/pexels-anete-lusina-4792480-1-scaled-1-1024x684.jpg\" class=\"attachment-large size-large wp-image-14315\" alt=\"\" srcset=\"https:\/\/rockvelconstruction.com\/wp-content\/uploads\/2024\/04\/pexels-anete-lusina-4792480-1-scaled-1-1024x684.jpg 1024w, https:\/\/rockvelconstruction.com\/wp-content\/uploads\/2024\/04\/pexels-anete-lusina-4792480-1-scaled-1-300x200.jpg 300w, https:\/\/rockvelconstruction.com\/wp-content\/uploads\/2024\/04\/pexels-anete-lusina-4792480-1-scaled-1-768x513.jpg 768w, https:\/\/rockvelconstruction.com\/wp-content\/uploads\/2024\/04\/pexels-anete-lusina-4792480-1-scaled-1-1536x1025.jpg 1536w, https:\/\/rockvelconstruction.com\/wp-content\/uploads\/2024\/04\/pexels-anete-lusina-4792480-1-scaled-1-2048x1367.jpg 2048w, https:\/\/rockvelconstruction.com\/wp-content\/uploads\/2024\/04\/pexels-anete-lusina-4792480-1-scaled-1-600x401.jpg 600w\" sizes=\"(max-width: 1024px) 100vw, 1024px\" \/>\t\t\t\t\t\t\t\t\t\t\t\t\t\t\t<\/div>\n\t\t\t\t<\/div>\n\t\t\t\t\t<\/div>\n\t\t\t\t<\/div>\n\t\t\t\t<\/div>\n\t\t","protected":false},"excerpt":{"rendered":"","protected":false},"author":1,"featured_media":0,"parent":0,"menu_order":0,"comment_status":"closed","ping_status":"closed","template":"page-full-width.php","meta":{"footnotes":""},"class_list":["post-4983","page","type-page","status-publish","hentry"],"_links":{"self":[{"href":"https:\/\/rockvelconstruction.com\/az\/wp-json\/wp\/v2\/pages\/4983","targetHints":{"allow":["GET"]}}],"collection":[{"href":"https:\/\/rockvelconstruction.com\/az\/wp-json\/wp\/v2\/pages"}],"about":[{"href":"https:\/\/rockvelconstruction.com\/az\/wp-json\/wp\/v2\/types\/page"}],"author":[{"embeddable":true,"href":"https:\/\/rockvelconstruction.com\/az\/wp-json\/wp\/v2\/users\/1"}],"replies":[{"embeddable":true,"href":"https:\/\/rockvelconstruction.com\/az\/wp-json\/wp\/v2\/comments?post=4983"}],"version-history":[{"count":72,"href":"https:\/\/rockvelconstruction.com\/az\/wp-json\/wp\/v2\/pages\/4983\/revisions"}],"predecessor-version":[{"id":14834,"href":"https:\/\/rockvelconstruction.com\/az\/wp-json\/wp\/v2\/pages\/4983\/revisions\/14834"}],"wp:attachment":[{"href":"https:\/\/rockvelconstruction.com\/az\/wp-json\/wp\/v2\/media?parent=4983"}],"curies":[{"name":"wp","href":"https:\/\/api.w.org\/{rel}","templated":true}]}}